{"id":1568,"date":"2019-12-19T11:57:24","date_gmt":"2019-12-19T10:57:24","guid":{"rendered":"http:\/\/mattimmo.iloworks.be\/produits\/ph-5kg-2\/"},"modified":"2020-01-31T14:58:47","modified_gmt":"2020-01-31T13:58:47","slug":"ph-5kg-2","status":"publish","type":"product","link":"https:\/\/mattimmo.be\/nl\/producten\/ph-5kg-2\/","title":{"rendered":"PH+ (5Kg)"},"content":{"rendered":"","protected":false},"excerpt":{"rendered":"<h2 class=\"p1\"><span class=\"s1\">PH+ (5Kg) <\/span><\/h2>\n<p class=\"p1\"><span class=\"s1\">Te gebruiken bij een pH van minder dan 7,2. Hiermee voorkomt u troebel water, kalkaanslag en irritaties.<\/span><\/p>\n","protected":false},"featured_media":451,"template":"","meta":[],"product_brand":[],"product_cat":[24],"product_tag":[],"class_list":{"0":"post-1568","1":"product","2":"type-product","3":"status-publish","4":"has-post-thumbnail","6":"product_cat-waterbehandeling","8":"first","9":"instock","10":"shipping-taxable","11":"purchasable","12":"product-type-simple"},"yoast_head":"<!-- This site is optimized with the Yoast SEO plugin v25.1 - https:\/\/yoast.com\/wordpress\/plugins\/seo\/ -->\n<title>PH+ (5Kg) - Mattimmo Pools<\/title>\n<meta name=\"robots\" content=\"index, follow, max-snippet:-1, max-image-preview:large, max-video-preview:-1\" \/>\n<link rel=\"canonical\" href=\"https:\/\/mattimmo.be\/nl\/producten\/ph-5kg-2\/\" \/>\n<meta property=\"og:locale\" content=\"nl_NL\" \/>\n<meta property=\"og:type\" content=\"article\" \/>\n<meta property=\"og:title\" content=\"PH+ (5Kg) - Mattimmo Pools\" \/>\n<meta property=\"og:description\" content=\"PH+ (5Kg)  Te gebruiken bij een pH van minder dan 7,2. Hiermee voorkomt u troebel water, kalkaanslag en irritaties.\" \/>\n<meta property=\"og:url\" content=\"https:\/\/mattimmo.be\/nl\/producten\/ph-5kg-2\/\" \/>\n<meta property=\"og:site_name\" content=\"Mattimmo Pools\" \/>\n<meta property=\"article:modified_time\" content=\"2020-01-31T13:58:47+00:00\" \/>\n<meta property=\"og:image\" content=\"https:\/\/mattimmo.be\/wp-content\/uploads\/2019\/12\/pH-1-1.jpg\" \/>\n\t<meta property=\"og:image:width\" content=\"474\" \/>\n\t<meta property=\"og:image:height\" content=\"401\" \/>\n\t<meta property=\"og:image:type\" content=\"image\/jpeg\" \/>\n<meta name=\"twitter:card\" content=\"summary_large_image\" \/>\n<script type=\"application\/ld+json\" class=\"yoast-schema-graph\">{\"@context\":\"https:\/\/schema.org\",\"@graph\":[{\"@type\":\"WebPage\",\"@id\":\"https:\/\/mattimmo.be\/nl\/producten\/ph-5kg-2\/\",\"url\":\"https:\/\/mattimmo.be\/nl\/producten\/ph-5kg-2\/\",\"name\":\"PH+ (5Kg) - Mattimmo Pools\",\"isPartOf\":{\"@id\":\"https:\/\/mattimmo.be\/#website\"},\"primaryImageOfPage\":{\"@id\":\"https:\/\/mattimmo.be\/nl\/producten\/ph-5kg-2\/#primaryimage\"},\"image\":{\"@id\":\"https:\/\/mattimmo.be\/nl\/producten\/ph-5kg-2\/#primaryimage\"},\"thumbnailUrl\":\"https:\/\/mattimmo.be\/wp-content\/uploads\/2019\/12\/pH-1-1.jpg\",\"datePublished\":\"2019-12-19T10:57:24+00:00\",\"dateModified\":\"2020-01-31T13:58:47+00:00\",\"breadcrumb\":{\"@id\":\"https:\/\/mattimmo.be\/nl\/producten\/ph-5kg-2\/#breadcrumb\"},\"inLanguage\":\"nl-NL\",\"potentialAction\":[{\"@type\":\"ReadAction\",\"target\":[\"https:\/\/mattimmo.be\/nl\/producten\/ph-5kg-2\/\"]}]},{\"@type\":\"ImageObject\",\"inLanguage\":\"nl-NL\",\"@id\":\"https:\/\/mattimmo.be\/nl\/producten\/ph-5kg-2\/#primaryimage\",\"url\":\"https:\/\/mattimmo.be\/wp-content\/uploads\/2019\/12\/pH-1-1.jpg\",\"contentUrl\":\"https:\/\/mattimmo.be\/wp-content\/uploads\/2019\/12\/pH-1-1.jpg\",\"width\":474,\"height\":401,\"caption\":\"\u00c0 utiliser quand le pH est inf\u00e9rieur \u00e0 7,2. Permet d\u2019\u00e9viter les eaux troubles, l\u2019incrustation calcaire et les irritations.\"},{\"@type\":\"BreadcrumbList\",\"@id\":\"https:\/\/mattimmo.be\/nl\/producten\/ph-5kg-2\/#breadcrumb\",\"itemListElement\":[{\"@type\":\"ListItem\",\"position\":1,\"name\":\"Accueil\",\"item\":\"https:\/\/mattimmo.be\/nl\/\"},{\"@type\":\"ListItem\",\"position\":2,\"name\":\"Boutique\",\"item\":\"https:\/\/mattimmo.be\/boutique\/\"},{\"@type\":\"ListItem\",\"position\":3,\"name\":\"PH+ (5Kg)\"}]},{\"@type\":\"WebSite\",\"@id\":\"https:\/\/mattimmo.be\/#website\",\"url\":\"https:\/\/mattimmo.be\/\",\"name\":\"Mattimmo Pools\",\"description\":\"Votre partenaire piscine\",\"publisher\":{\"@id\":\"https:\/\/mattimmo.be\/#organization\"},\"potentialAction\":[{\"@type\":\"SearchAction\",\"target\":{\"@type\":\"EntryPoint\",\"urlTemplate\":\"https:\/\/mattimmo.be\/?s={search_term_string}\"},\"query-input\":{\"@type\":\"PropertyValueSpecification\",\"valueRequired\":true,\"valueName\":\"search_term_string\"}}],\"inLanguage\":\"nl-NL\"},{\"@type\":\"Organization\",\"@id\":\"https:\/\/mattimmo.be\/#organization\",\"name\":\"Mattimmo Pools\",\"url\":\"https:\/\/mattimmo.be\/\",\"logo\":{\"@type\":\"ImageObject\",\"inLanguage\":\"nl-NL\",\"@id\":\"https:\/\/mattimmo.be\/#\/schema\/logo\/image\/\",\"url\":\"https:\/\/mattimmo.be\/wp-content\/uploads\/2019\/12\/mattimmo-img-logo-blue-small.png\",\"contentUrl\":\"https:\/\/mattimmo.be\/wp-content\/uploads\/2019\/12\/mattimmo-img-logo-blue-small.png\",\"width\":110,\"height\":53,\"caption\":\"Mattimmo Pools\"},\"image\":{\"@id\":\"https:\/\/mattimmo.be\/#\/schema\/logo\/image\/\"}}]}<\/script>\n<!-- \/ Yoast SEO plugin. -->","yoast_head_json":{"title":"PH+ (5Kg) - Mattimmo Pools","robots":{"index":"index","follow":"follow","max-snippet":"max-snippet:-1","max-image-preview":"max-image-preview:large","max-video-preview":"max-video-preview:-1"},"canonical":"https:\/\/mattimmo.be\/nl\/producten\/ph-5kg-2\/","og_locale":"nl_NL","og_type":"article","og_title":"PH+ (5Kg) - Mattimmo Pools","og_description":"PH+ (5Kg)  Te gebruiken bij een pH van minder dan 7,2. Hiermee voorkomt u troebel water, kalkaanslag en irritaties.","og_url":"https:\/\/mattimmo.be\/nl\/producten\/ph-5kg-2\/","og_site_name":"Mattimmo Pools","article_modified_time":"2020-01-31T13:58:47+00:00","og_image":[{"width":474,"height":401,"url":"https:\/\/mattimmo.be\/wp-content\/uploads\/2019\/12\/pH-1-1.jpg","type":"image\/jpeg"}],"twitter_card":"summary_large_image","schema":{"@context":"https:\/\/schema.org","@graph":[{"@type":"WebPage","@id":"https:\/\/mattimmo.be\/nl\/producten\/ph-5kg-2\/","url":"https:\/\/mattimmo.be\/nl\/producten\/ph-5kg-2\/","name":"PH+ (5Kg) - Mattimmo Pools","isPartOf":{"@id":"https:\/\/mattimmo.be\/#website"},"primaryImageOfPage":{"@id":"https:\/\/mattimmo.be\/nl\/producten\/ph-5kg-2\/#primaryimage"},"image":{"@id":"https:\/\/mattimmo.be\/nl\/producten\/ph-5kg-2\/#primaryimage"},"thumbnailUrl":"https:\/\/mattimmo.be\/wp-content\/uploads\/2019\/12\/pH-1-1.jpg","datePublished":"2019-12-19T10:57:24+00:00","dateModified":"2020-01-31T13:58:47+00:00","breadcrumb":{"@id":"https:\/\/mattimmo.be\/nl\/producten\/ph-5kg-2\/#breadcrumb"},"inLanguage":"nl-NL","potentialAction":[{"@type":"ReadAction","target":["https:\/\/mattimmo.be\/nl\/producten\/ph-5kg-2\/"]}]},{"@type":"ImageObject","inLanguage":"nl-NL","@id":"https:\/\/mattimmo.be\/nl\/producten\/ph-5kg-2\/#primaryimage","url":"https:\/\/mattimmo.be\/wp-content\/uploads\/2019\/12\/pH-1-1.jpg","contentUrl":"https:\/\/mattimmo.be\/wp-content\/uploads\/2019\/12\/pH-1-1.jpg","width":474,"height":401,"caption":"\u00c0 utiliser quand le pH est inf\u00e9rieur \u00e0 7,2. Permet d\u2019\u00e9viter les eaux troubles, l\u2019incrustation calcaire et les irritations."},{"@type":"BreadcrumbList","@id":"https:\/\/mattimmo.be\/nl\/producten\/ph-5kg-2\/#breadcrumb","itemListElement":[{"@type":"ListItem","position":1,"name":"Accueil","item":"https:\/\/mattimmo.be\/nl\/"},{"@type":"ListItem","position":2,"name":"Boutique","item":"https:\/\/mattimmo.be\/boutique\/"},{"@type":"ListItem","position":3,"name":"PH+ (5Kg)"}]},{"@type":"WebSite","@id":"https:\/\/mattimmo.be\/#website","url":"https:\/\/mattimmo.be\/","name":"Mattimmo Pools","description":"Votre partenaire piscine","publisher":{"@id":"https:\/\/mattimmo.be\/#organization"},"potentialAction":[{"@type":"SearchAction","target":{"@type":"EntryPoint","urlTemplate":"https:\/\/mattimmo.be\/?s={search_term_string}"},"query-input":{"@type":"PropertyValueSpecification","valueRequired":true,"valueName":"search_term_string"}}],"inLanguage":"nl-NL"},{"@type":"Organization","@id":"https:\/\/mattimmo.be\/#organization","name":"Mattimmo Pools","url":"https:\/\/mattimmo.be\/","logo":{"@type":"ImageObject","inLanguage":"nl-NL","@id":"https:\/\/mattimmo.be\/#\/schema\/logo\/image\/","url":"https:\/\/mattimmo.be\/wp-content\/uploads\/2019\/12\/mattimmo-img-logo-blue-small.png","contentUrl":"https:\/\/mattimmo.be\/wp-content\/uploads\/2019\/12\/mattimmo-img-logo-blue-small.png","width":110,"height":53,"caption":"Mattimmo Pools"},"image":{"@id":"https:\/\/mattimmo.be\/#\/schema\/logo\/image\/"}}]}},"_links":{"self":[{"href":"https:\/\/mattimmo.be\/nl\/wp-json\/wp\/v2\/product\/1568","targetHints":{"allow":["GET"]}}],"collection":[{"href":"https:\/\/mattimmo.be\/nl\/wp-json\/wp\/v2\/product"}],"about":[{"href":"https:\/\/mattimmo.be\/nl\/wp-json\/wp\/v2\/types\/product"}],"wp:featuredmedia":[{"embeddable":true,"href":"https:\/\/mattimmo.be\/nl\/wp-json\/wp\/v2\/media\/451"}],"wp:attachment":[{"href":"https:\/\/mattimmo.be\/nl\/wp-json\/wp\/v2\/media?parent=1568"}],"wp:term":[{"taxonomy":"product_brand","embeddable":true,"href":"https:\/\/mattimmo.be\/nl\/wp-json\/wp\/v2\/product_brand?post=1568"},{"taxonomy":"product_cat","embeddable":true,"href":"https:\/\/mattimmo.be\/nl\/wp-json\/wp\/v2\/product_cat?post=1568"},{"taxonomy":"product_tag","embeddable":true,"href":"https:\/\/mattimmo.be\/nl\/wp-json\/wp\/v2\/product_tag?post=1568"}],"curies":[{"name":"wp","href":"https:\/\/api.w.org\/{rel}","templated":true}]}}